{"id":864,"date":"2024-09-13T11:10:32","date_gmt":"2024-09-13T09:10:32","guid":{"rendered":"https:\/\/llarspicarol.com\/documents\/"},"modified":"2024-09-13T11:30:20","modified_gmt":"2024-09-13T09:30:20","slug":"documentos","status":"publish","type":"page","link":"https:\/\/llarspicarol.com\/es\/documentos\/","title":{"rendered":"Documents"},"content":{"rendered":"\t\t<div data-elementor-type=\"wp-page\" data-elementor-id=\"864\" class=\"elementor elementor-864 elementor-858\" data-elementor-post-type=\"page\">\n\t\t\t\t<div class=\"elementor-element elementor-element-1ba3600 e-flex e-con-boxed e-con e-parent\" data-id=\"1ba3600\" data-element_type=\"container\" data-settings=\"{&quot;background_background&quot;:&quot;classic&quot;}\">\n\t\t\t\t\t<div class=\"e-con-inner\">\n\t\t\t\t<div class=\"elementor-element elementor-element-320fc5c elementor-widget elementor-widget-heading\" data-id=\"320fc5c\" data-element_type=\"widget\" data-widget_type=\"heading.default\">\n\t\t\t\t<div class=\"elementor-widget-container\">\n\t\t\t<h2 class=\"elementor-heading-title elementor-size-default\">DOCUMENTOS<\/h2>\t\t<\/div>\n\t\t\t\t<\/div>\n\t\t\t\t\t<\/div>\n\t\t\t\t<\/div>\n\t\t<div class=\"elementor-element elementor-element-5c348ce e-flex e-con-boxed e-con e-parent\" data-id=\"5c348ce\" data-element_type=\"container\">\n\t\t\t\t\t<div class=\"e-con-inner\">\n\t\t\t\t<div class=\"elementor-element elementor-element-6dc4f78 dce-col-1 dce-align-center elementor-widget__width-initial dce-posts-layout-default dce-col-tablet-3 dce-col-mobile-1 elementor-widget elementor-widget-dce-dynamicposts-v2\" data-id=\"6dc4f78\" data-element_type=\"widget\" data-settings=\"{&quot;style_items&quot;:&quot;default&quot;,&quot;grid_grid_type&quot;:&quot;flex&quot;}\" data-widget_type=\"dce-dynamicposts-v2.grid\">\n\t\t\t\t<div class=\"elementor-widget-container\">\n\t\t\t\n\t\t<div class=\"dce-fix-background-loop dce-posts-container dce-posts dce-dynamic-posts-collection  dce-skin-grid dce-skin-grid-flex\">\n\t\t\t\t\t\t<div class=\"dce-posts-wrapper dce-wrapper-grid\">\n\t\t\t\n\t\t<article class=\"post-944 document type-document status-publish hentry dce-post dce-post-item dce-item-grid\" data-dce-post-id=\"944\" data-dce-post-index=\"0\">\n\t\t\t<div class=\"dce-post-block\">\n\t\t<div class=\"dce-item dce-item_title elementor-repeater-item-a65d757\"><h3 class=\"dce-post-title\"><a href=\"https:\/\/llarspicarol.com\/es\/document\/autoritzacio-de-sortides\/\">Autoritzaci\u00f3 de sortides<\/a><\/h3><\/div><div class=\"dce-item dce-item_custommeta elementor-repeater-item-ac55de6\"><div class=\"dce-post-custommeta\"><div class=\"dce-meta-item dce-meta-ac55de6 dce-meta-text elementor-repeater-item-ac55de6\"><div>Autoritzaci\u00f3 de sortides del centre<\/div><\/div><\/div><\/div><div class=\"dce-item dce-item_readmore elementor-repeater-item-20eca2d\">\t\t<div class=\"dce-post-button\">\n\t\t\t<a href=\"https:\/\/llarspicarol.com\/es\/document\/autoritzacio-de-sortides\/\" class=\"elementor-button-link elementor-button dce-button elementor-size-sm\" role=\"button\" target=\"_blank\">\n\t\t\tDescarregar arxiu\t\t\t<\/a>\n\t\t<\/div>\n\t\t<\/div>\t\t\t<\/div>\n\t\t<\/article>\n\t\t\n\t\t<article class=\"post-941 document type-document status-publish hentry dce-post dce-post-item dce-item-grid\" data-dce-post-id=\"941\" data-dce-post-index=\"1\">\n\t\t\t<div class=\"dce-post-block\">\n\t\t<div class=\"dce-item dce-item_title elementor-repeater-item-a65d757\"><h3 class=\"dce-post-title\"><a href=\"https:\/\/llarspicarol.com\/es\/document\/calendari-escolar-25-26\/\">Calendari escolar 25-26<\/a><\/h3><\/div><div class=\"dce-item dce-item_custommeta elementor-repeater-item-ac55de6\"><\/div><div class=\"dce-item dce-item_readmore elementor-repeater-item-20eca2d\">\t\t<div class=\"dce-post-button\">\n\t\t\t<a href=\"https:\/\/llarspicarol.com\/es\/document\/calendari-escolar-25-26\/\" class=\"elementor-button-link elementor-button dce-button elementor-size-sm\" role=\"button\" target=\"_blank\">\n\t\t\tDescarregar arxiu\t\t\t<\/a>\n\t\t<\/div>\n\t\t<\/div>\t\t\t<\/div>\n\t\t<\/article>\n\t\t\n\t\t<article class=\"post-904 document type-document status-publish hentry dce-post dce-post-item dce-item-grid\" data-dce-post-id=\"904\" data-dce-post-index=\"2\">\n\t\t\t<div class=\"dce-post-block\">\n\t\t<div class=\"dce-item dce-item_title elementor-repeater-item-a65d757\"><h3 class=\"dce-post-title\"><a href=\"https:\/\/llarspicarol.com\/es\/document\/autoritzacio-cdiap\/\">autoritzaci\u00f3 CDIAP<\/a><\/h3><\/div><div class=\"dce-item dce-item_custommeta elementor-repeater-item-ac55de6\"><div class=\"dce-post-custommeta dce-post-custommeta\"><div class=\"dce-meta-item dce-meta-ac55de6 dce-meta-text elementor-repeater-item-ac55de6\"><div>Autoritzaci\u00f3 perqu\u00e8 els professionals del CDIAP puguin fer una observaci\u00f3 i posterior valoraci\u00f3.<\/div><\/div><\/div><\/div><div class=\"dce-item dce-item_readmore elementor-repeater-item-20eca2d\">\t\t<div class=\"dce-post-button\">\n\t\t\t<a href=\"https:\/\/llarspicarol.com\/es\/document\/autoritzacio-cdiap\/\" class=\"elementor-button-link elementor-button dce-button elementor-size-sm\" role=\"button\" target=\"_blank\">\n\t\t\tDescarregar arxiu\t\t\t<\/a>\n\t\t<\/div>\n\t\t<\/div>\t\t\t<\/div>\n\t\t<\/article>\n\t\t\n\t\t<article class=\"post-878 document type-document status-publish hentry dce-post dce-post-item dce-item-grid\" data-dce-post-id=\"878\" data-dce-post-index=\"3\">\n\t\t\t<div class=\"dce-post-block\">\n\t\t<div class=\"dce-item dce-item_title elementor-repeater-item-a65d757\"><h3 class=\"dce-post-title\"><a href=\"https:\/\/llarspicarol.com\/es\/document\/autoritzacio-drets-dimatge\/\">Autoritzaci\u00f3 drets d&#8217;imatge<\/a><\/h3><\/div><div class=\"dce-item dce-item_custommeta elementor-repeater-item-ac55de6\"><div class=\"dce-post-custommeta dce-post-custommeta dce-post-custommeta\"><div class=\"dce-meta-item dce-meta-ac55de6 dce-meta-text elementor-repeater-item-ac55de6\"><div>Autoritzaci\u00f3 per la protecci\u00f3 dels drets d'imatge<\/div><\/div><\/div><\/div><div class=\"dce-item dce-item_readmore elementor-repeater-item-20eca2d\">\t\t<div class=\"dce-post-button\">\n\t\t\t<a href=\"https:\/\/llarspicarol.com\/es\/document\/autoritzacio-drets-dimatge\/\" class=\"elementor-button-link elementor-button dce-button elementor-size-sm\" role=\"button\" target=\"_blank\">\n\t\t\tDescarregar arxiu\t\t\t<\/a>\n\t\t<\/div>\n\t\t<\/div>\t\t\t<\/div>\n\t\t<\/article>\n\t\t\n\t\t<article class=\"post-841 document type-document status-publish hentry dce-post dce-post-item dce-item-grid\" data-dce-post-id=\"841\" data-dce-post-index=\"4\">\n\t\t\t<div class=\"dce-post-block\">\n\t\t<div class=\"dce-item dce-item_title elementor-repeater-item-a65d757\"><h3 class=\"dce-post-title\"><a href=\"https:\/\/llarspicarol.com\/es\/document\/autoritzacio-medicaments\/\">Autoritzaci\u00f3 medicaments<\/a><\/h3><\/div><div class=\"dce-item dce-item_custommeta elementor-repeater-item-ac55de6\"><div class=\"dce-post-custommeta dce-post-custommeta dce-post-custommeta dce-post-custommeta\"><div class=\"dce-meta-item dce-meta-ac55de6 dce-meta-text elementor-repeater-item-ac55de6\"><div>Autoritzaci\u00f3 per al subministrament de medicaments<\/div><\/div><\/div><\/div><div class=\"dce-item dce-item_readmore elementor-repeater-item-20eca2d\">\t\t<div class=\"dce-post-button\">\n\t\t\t<a href=\"https:\/\/llarspicarol.com\/es\/document\/autoritzacio-medicaments\/\" class=\"elementor-button-link elementor-button dce-button elementor-size-sm\" role=\"button\" target=\"_blank\">\n\t\t\tDescarregar arxiu\t\t\t<\/a>\n\t\t<\/div>\n\t\t<\/div>\t\t\t<\/div>\n\t\t<\/article>\n\t\t\n\t\t<article class=\"post-838 document type-document status-publish hentry dce-post dce-post-item dce-item-grid\" data-dce-post-id=\"838\" data-dce-post-index=\"5\">\n\t\t\t<div class=\"dce-post-block\">\n\t\t<div class=\"dce-item dce-item_title elementor-repeater-item-a65d757\"><h3 class=\"dce-post-title\"><a href=\"https:\/\/llarspicarol.com\/es\/document\/menus\/\">Men\u00fas<\/a><\/h3><\/div><div class=\"dce-item dce-item_custommeta elementor-repeater-item-ac55de6\"><div class=\"dce-post-custommeta dce-post-custommeta dce-post-custommeta dce-post-custommeta dce-post-custommeta\"><div class=\"dce-meta-item dce-meta-ac55de6 dce-meta-text elementor-repeater-item-ac55de6\"><div>Men\u00fas de la Llar d'Infants Picarol curs 2024-25<\/div><\/div><\/div><\/div><div class=\"dce-item dce-item_readmore elementor-repeater-item-20eca2d\">\t\t<div class=\"dce-post-button\">\n\t\t\t<a href=\"https:\/\/llarspicarol.com\/es\/document\/menus\/\" class=\"elementor-button-link elementor-button dce-button elementor-size-sm\" role=\"button\" target=\"_blank\">\n\t\t\tDescarregar arxiu\t\t\t<\/a>\n\t\t<\/div>\n\t\t<\/div>\t\t\t<\/div>\n\t\t<\/article>\n\t\t\t\t\t<\/div>\n\t\t\t\t\t<\/div>\n\t\t\t\t<\/div>\n\t\t\t\t<\/div>\n\t\t\t\t\t<\/div>\n\t\t\t\t<\/div>\n\t\t\t\t<\/div>\n\t\t","protected":false},"excerpt":{"rendered":"<p>DOCUMENTOS Autoritzaci\u00f3 medicaments Autoritzaci\u00f3 per al subministrament de medicaments Descarregar arxiu Men\u00fas Men\u00fas de la Llar d&#8217;Infants Picarol curs 2024-25 Descarregar arxiu<\/p>\n","protected":false},"author":1,"featured_media":0,"parent":0,"menu_order":0,"comment_status":"closed","ping_status":"closed","template":"","meta":{"_acf_changed":false,"rank_math_lock_modified_date":false,"footnotes":""},"class_list":["post-864","page","type-page","status-publish","hentry"],"acf":[],"_links":{"self":[{"href":"https:\/\/llarspicarol.com\/es\/wp-json\/wp\/v2\/pages\/864","targetHints":{"allow":["GET"]}}],"collection":[{"href":"https:\/\/llarspicarol.com\/es\/wp-json\/wp\/v2\/pages"}],"about":[{"href":"https:\/\/llarspicarol.com\/es\/wp-json\/wp\/v2\/types\/page"}],"author":[{"embeddable":true,"href":"https:\/\/llarspicarol.com\/es\/wp-json\/wp\/v2\/users\/1"}],"replies":[{"embeddable":true,"href":"https:\/\/llarspicarol.com\/es\/wp-json\/wp\/v2\/comments?post=864"}],"version-history":[{"count":7,"href":"https:\/\/llarspicarol.com\/es\/wp-json\/wp\/v2\/pages\/864\/revisions"}],"predecessor-version":[{"id":873,"href":"https:\/\/llarspicarol.com\/es\/wp-json\/wp\/v2\/pages\/864\/revisions\/873"}],"wp:attachment":[{"href":"https:\/\/llarspicarol.com\/es\/wp-json\/wp\/v2\/media?parent=864"}],"curies":[{"name":"wp","href":"https:\/\/api.w.org\/{rel}","templated":true}]}}